{"id":6195,"date":"2021-05-31T14:01:50","date_gmt":"2021-05-31T14:01:50","guid":{"rendered":"https:\/\/rota.sominformatica.cat\/?page_id=6195"},"modified":"2023-06-14T12:30:22","modified_gmt":"2023-06-14T12:30:22","slug":"qui-soc","status":"publish","type":"page","link":"https:\/\/laiarotafont.cat\/?page_id=6195","title":{"rendered":"Qui soc"},"content":{"rendered":"<section class=\"wpb-content-wrapper\"><p>[vc_row][vc_column][vc_column_text]<\/p>\n<h2>Formaci\u00f3:<\/h2>\n<div class=\"qodef-icon-list-item\">\n\t<div class=\"qodef-icon-list-icon-holder\">\n        <div class=\"qodef-icon-list-icon-holder-inner clearfix\">\n\t\t\t<i class=\"qodef-icon-font-awesome fa fa-check-square \" style=\"font-size:14px\" ><\/i>\t\t<\/div>\n\t<\/div>\n\t<p class=\"qodef-icon-list-text\"  > Llicenciada i col\u00b7legiada en Psicologia per la Universitat Aut\u00f2noma de Barcelona (2000- 2005)<\/p>\n<\/div><div class=\"qodef-icon-list-item\">\n\t<div class=\"qodef-icon-list-icon-holder\">\n        <div class=\"qodef-icon-list-icon-holder-inner clearfix\">\n\t\t\t<i class=\"qodef-icon-font-awesome fa fa-check-square \" style=\"font-size:14px\" ><\/i>\t\t<\/div>\n\t<\/div>\n\t<p class=\"qodef-icon-list-text\"  > Formada en Teatre Espontani amb Oriol Blanch (2003- 2009)<\/p>\n<\/div><div class=\"qodef-icon-list-item\">\n\t<div class=\"qodef-icon-list-icon-holder\">\n        <div class=\"qodef-icon-list-icon-holder-inner clearfix\">\n\t\t\t<i class=\"qodef-icon-font-awesome fa fa-check-square \" style=\"font-size:14px\" ><\/i>\t\t<\/div>\n\t<\/div>\n\t<p class=\"qodef-icon-list-text\"  > Formada en dansa Moviment Ter\u00e0pia amb Teresa Monsegur (2005- 2007)<\/p>\n<\/div><div class=\"qodef-icon-list-item\">\n\t<div class=\"qodef-icon-list-icon-holder\">\n        <div class=\"qodef-icon-list-icon-holder-inner clearfix\">\n\t\t\t<i class=\"qodef-icon-font-awesome fa fa-check-square \" style=\"font-size:14px\" ><\/i>\t\t<\/div>\n\t<\/div>\n\t<p class=\"qodef-icon-list-text\"  > Formada en Dansa Teatre amb Simona Quartucci (2005-2006)<\/p>\n<\/div><div class=\"qodef-icon-list-item\">\n\t<div class=\"qodef-icon-list-icon-holder\">\n        <div class=\"qodef-icon-list-icon-holder-inner clearfix\">\n\t\t\t<i class=\"qodef-icon-font-awesome fa fa-check-square \" style=\"font-size:14px\" ><\/i>\t\t<\/div>\n\t<\/div>\n\t<p class=\"qodef-icon-list-text\"  > Diplomada en Diafreo M\u00e8tode Corporal Integratiu amb Malen Cirerol (2010- 2013)<\/p>\n<\/div><div class=\"qodef-icon-list-item\">\n\t<div class=\"qodef-icon-list-icon-holder\">\n        <div class=\"qodef-icon-list-icon-holder-inner clearfix\">\n\t\t\t<i class=\"qodef-icon-font-awesome fa fa-check-square \" style=\"font-size:14px\" ><\/i>\t\t<\/div>\n\t<\/div>\n\t<p class=\"qodef-icon-list-text\"  > Curs de formaci\u00f3 i suport a les educadores emocionals del Pla de Barris (Barcelona) amb M\u00f2nica Albert\u00ed (2019)<\/p>\n<\/div>[\/vc_column_text][vc_empty_space][vc_column_text]<\/p>\n<h2>Experi\u00e8ncia:<\/h2>\n<div class=\"qodef-icon-list-item\">\n\t<div class=\"qodef-icon-list-icon-holder\">\n        <div class=\"qodef-icon-list-icon-holder-inner clearfix\">\n\t\t\t<i class=\"qodef-icon-font-awesome fa fa-check-square \" style=\"font-size:14px\" ><\/i>\t\t<\/div>\n\t<\/div>\n\t<p class=\"qodef-icon-list-text\"  > Des del 2003 \u00e9s membre de diferents associacions vinculades a l&#039;\u00e0mbit de la salut, social, l&#039;art i l&#039;educaci\u00f3. Els seus treballs parteixen de l&#039;expressi\u00f3 corporal, el teatre, l&#039;expressi\u00f3 pl\u00e0stica i musical. S&#039;ofereixen formacions per a formadors\/es, formacions art\u00edstiques, propostes per escoles de prim\u00e0ria, secund\u00e0ria i d&#039;educaci\u00f3 especial, projectes d&#039;intervenci\u00f3 socioeducatius per a col\u00b7lectius en risc d&#039;exclusi\u00f3 social i acompanyament art-terap\u00e8utic.<\/p>\n<\/div><div class=\"qodef-icon-list-item\">\n\t<div class=\"qodef-icon-list-icon-holder\">\n        <div class=\"qodef-icon-list-icon-holder-inner clearfix\">\n\t\t\t<i class=\"qodef-icon-font-awesome fa fa-check-square \" style=\"font-size:14px\" ><\/i>\t\t<\/div>\n\t<\/div>\n\t<p class=\"qodef-icon-list-text\"  > Acompanyaments al Centre d&#039;Educaci\u00f3 Especial Vil\u00b7la Joana (2005- 2010)<\/p>\n<\/div><div class=\"qodef-icon-list-item\">\n\t<div class=\"qodef-icon-list-icon-holder\">\n        <div class=\"qodef-icon-list-icon-holder-inner clearfix\">\n\t\t\t<i class=\"qodef-icon-font-awesome fa fa-check-square \" style=\"font-size:14px\" ><\/i>\t\t<\/div>\n\t<\/div>\n\t<p class=\"qodef-icon-list-text\"  > Educadora social a la Fundaci\u00f3 Aspanias acompanyant a persones amb diversitat funcional en llars resid\u00e8ncia (2009- 2011)<\/p>\n<\/div><div class=\"qodef-icon-list-item\">\n\t<div class=\"qodef-icon-list-icon-holder\">\n        <div class=\"qodef-icon-list-icon-holder-inner clearfix\">\n\t\t\t<i class=\"qodef-icon-font-awesome fa fa-check-square \" style=\"font-size:14px\" ><\/i>\t\t<\/div>\n\t<\/div>\n\t<p class=\"qodef-icon-list-text\"  > Psic\u00f2loga i educadora del Grup de Crian\u00e7a Compartida \u00abEl Circ de Puces\u00bb (2010- 2011)<\/p>\n<\/div><div class=\"qodef-icon-list-item\">\n\t<div class=\"qodef-icon-list-icon-holder\">\n        <div class=\"qodef-icon-list-icon-holder-inner clearfix\">\n\t\t\t<i class=\"qodef-icon-font-awesome fa fa-check-square \" style=\"font-size:14px\" ><\/i>\t\t<\/div>\n\t<\/div>\n\t<p class=\"qodef-icon-list-text\"  > Sessions de treball psicopedag\u00f2gic amb nens i nenes diagnosticades amb trastorn de d\u00e8ficit d\u2019atenci\u00f3 i hiperactivitat i disl\u00e8xia. (Unitat de Trastorns de l\u2019Aprenentatge Escolar a l\u2019Hospital Sant Joan de D\u00e9u, 2009- 2012)<\/p>\n<\/div><div class=\"qodef-icon-list-item\">\n\t<div class=\"qodef-icon-list-icon-holder\">\n        <div class=\"qodef-icon-list-icon-holder-inner clearfix\">\n\t\t\t<i class=\"qodef-icon-font-awesome fa fa-check-square \" style=\"font-size:14px\" ><\/i>\t\t<\/div>\n\t<\/div>\n\t<p class=\"qodef-icon-list-text\"  > Psic\u00f2loga al centre nucli de Barcelona: Espai psicopedag\u00f2gic d\u2019ajuda educativa i terap\u00e8utica a trav\u00e9s del cos i orientaci\u00f3 familiar (2014- 2017)<\/p>\n<\/div><div class=\"qodef-icon-list-item\">\n\t<div class=\"qodef-icon-list-icon-holder\">\n        <div class=\"qodef-icon-list-icon-holder-inner clearfix\">\n\t\t\t<i class=\"qodef-icon-font-awesome fa fa-check-square \" style=\"font-size:14px\" ><\/i>\t\t<\/div>\n\t<\/div>\n\t<p class=\"qodef-icon-list-text\"  > Psic\u00f2loga al Servei de Suport i Atenci\u00f3 Emocional al CEIP Ramon y Cajal de Barcelona (2017- 2019)<\/p>\n<\/div><div class=\"qodef-icon-list-item\">\n\t<div class=\"qodef-icon-list-icon-holder\">\n        <div class=\"qodef-icon-list-icon-holder-inner clearfix\">\n\t\t\t<i class=\"qodef-icon-font-awesome fa fa-check-square \" style=\"font-size:14px\" ><\/i>\t\t<\/div>\n\t<\/div>\n\t<p class=\"qodef-icon-list-text\"  > Professional en Diafreo (m\u00e8tode Corporal Integratiu), sessions individuals i de grup a Manresa i Barcelona (2013- actualment)<\/p>\n<\/div><div class=\"qodef-icon-list-item\">\n\t<div class=\"qodef-icon-list-icon-holder\">\n        <div class=\"qodef-icon-list-icon-holder-inner clearfix\">\n\t\t\t<i class=\"qodef-icon-font-awesome fa fa-check-square \" style=\"font-size:14px\" ><\/i>\t\t<\/div>\n\t<\/div>\n\t<p class=\"qodef-icon-list-text\"  > Acompanyaments terap\u00e8utics a infants i fam\u00edlies a trav\u00e9s de l\u2019expressivitat motriu de les infants.<\/p>\n<\/div>[\/vc_column_text][\/vc_column][\/vc_row][vc_row][vc_column][vc_empty_space][\/vc_column][\/vc_row]<\/p>\n<\/section>","protected":false},"excerpt":{"rendered":"<p>[vc_row][vc_column][vc_column_text] Formaci\u00f3: [\/vc_column_text][vc_empty_space][vc_column_text] Experi\u00e8ncia: [\/vc_column_text][\/vc_column][\/vc_row][vc_row][vc_column][vc_empty_space][\/vc_column][\/vc_row]<\/p>\n","protected":false},"author":1,"featured_media":0,"parent":0,"menu_order":0,"comment_status":"closed","ping_status":"closed","template":"","meta":{"footnotes":""},"class_list":["post-6195","page","type-page","status-publish","hentry"],"_links":{"self":[{"href":"https:\/\/laiarotafont.cat\/index.php?rest_route=\/wp\/v2\/pages\/6195"}],"collection":[{"href":"https:\/\/laiarotafont.cat\/index.php?rest_route=\/wp\/v2\/pages"}],"about":[{"href":"https:\/\/laiarotafont.cat\/index.php?rest_route=\/wp\/v2\/types\/page"}],"author":[{"embeddable":true,"href":"https:\/\/laiarotafont.cat\/index.php?rest_route=\/wp\/v2\/users\/1"}],"replies":[{"embeddable":true,"href":"https:\/\/laiarotafont.cat\/index.php?rest_route=%2Fwp%2Fv2%2Fcomments&post=6195"}],"version-history":[{"count":15,"href":"https:\/\/laiarotafont.cat\/index.php?rest_route=\/wp\/v2\/pages\/6195\/revisions"}],"predecessor-version":[{"id":6510,"href":"https:\/\/laiarotafont.cat\/index.php?rest_route=\/wp\/v2\/pages\/6195\/revisions\/6510"}],"wp:attachment":[{"href":"https:\/\/laiarotafont.cat\/index.php?rest_route=%2Fwp%2Fv2%2Fmedia&parent=6195"}],"curies":[{"name":"wp","href":"https:\/\/api.w.org\/{rel}","templated":true}]}}