{"id":6095,"date":"2021-05-29T18:24:50","date_gmt":"2021-05-29T18:24:50","guid":{"rendered":"https:\/\/rota.sominformatica.cat\/?page_id=6095"},"modified":"2023-02-17T11:56:45","modified_gmt":"2023-02-17T11:56:45","slug":"inici","status":"publish","type":"page","link":"https:\/\/laiarotafont.cat\/","title":{"rendered":"inici"},"content":{"rendered":"<section class=\"wpb-content-wrapper\"><p>[vc_row row_type=&#8221;parallax&#8221; content_aligment=&#8221;center&#8221; full_screen_section_height=&#8221;no&#8221; parallax_background_image=&#8221;6387&#8243;][vc_column css=&#8221;.vc_custom_1622465950370{background-position: center !important;background-repeat: no-repeat !important;background-size: cover !important;}&#8221;][vc_empty_space]\n<div class=\"qodef-custom-font-holder\" style=\"font-family: Raleway;font-size: 38px;line-height: 49px;font-weight: 700;letter-spacing: 0px;text-align: center;color: #ffffff\" data-font-size= 38 data-line-height= 49>\n\tuna mirada integradora de la persona<\/div>[vc_empty_space height=&#8221;10px&#8221;]\n<div class=\"qodef-custom-font-holder\" style=\"font-family: Raleway;font-size: 38px;line-height: 49px;font-weight: 700;letter-spacing: 0px;text-align: center;color: #ffffff\" data-font-size= 38 data-line-height= 49>\n\tel cos, continent de les emocions<\/div>[vc_empty_space height=&#8221;10px&#8221;]\n<div class=\"qodef-custom-font-holder\" style=\"font-family: Raleway;font-size: 38px;line-height: 49px;font-weight: 700;letter-spacing: 0px;text-align: center;color: #ffffff\" data-font-size= 38 data-line-height= 49>\n\tels dolors corporals com a s\u00edmptomes<\/div>[vc_empty_space height=&#8221;10px&#8221;]\n<div class=\"qodef-custom-font-holder\" style=\"font-family: Raleway;font-size: 38px;line-height: 49px;font-weight: 700;letter-spacing: 0px;text-align: center;color: #ffffff\" data-font-size= 38 data-line-height= 49>\n\tacompanyament del creixement harm\u00f2nic de la persona<\/div>[vc_empty_space][\/vc_column][\/vc_row][vc_row content_width=&#8221;grid&#8221;][vc_column width=&#8221;1\/2&#8243;][vc_empty_space][vc_single_image image=&#8221;6419&#8243; img_size=&#8221;220&#215;220&#8243; alignment=&#8221;right&#8221;][vc_empty_space][\/vc_column][vc_column width=&#8221;1\/2&#8243;][vc_empty_space][vc_column_text]<\/p>\n<h2>Laia Rota Font<\/h2>\n<p>&nbsp;<\/p>\n<p><strong>Psic\u00f2loga especialitzada en Diafreo (M\u00e8tode Corporal Integratiu).<\/strong><\/p>\n<p>Sessions individuals i de grup a Manresa i Barcelona.<\/p>\n<p>Espai d\u2019acompanyament terap\u00e8utic infantil i familiar a Manresa.[\/vc_column_text][vc_empty_space][\/vc_column][\/vc_row][vc_row][vc_column css=&#8221;.vc_custom_1622631171043{background-color: #bb93e2 !important;}&#8221;]\n<div class=\"qodef-custom-font-holder\" style=\"font-family: Raleway;font-size: 48px;line-height: 49px;font-weight: 700;letter-spacing: 0px;text-transform: Capitalize;text-align: center;color: #8224e3\" data-font-size= 48 data-line-height= 49>\n\tAcompanyaments terap\u00e8utics<\/div>[vc_empty_space]<div class=\"qodef-elements-holder qodef-responsive-mode-768\" style=\"background-color:#e0e0e0;\"><div class=\"qodef-elements-holder-item qodef-vertical-alignment-middle qodef-horizontal-alignment-left\" style=\"background-color: #bb93e2\">\n\t<div class=\"qodef-elements-holder-item-inner\">\n\t\t<div class=\"qodef-elements-holder-item-content qodef-elements-holder-custom-585879\" >\n\t\t\t\t\t\t\n<h4 class=\"qodef-custom-font-holder\" style=\"font-size: 30px;line-height: 49px;font-weight: 700;letter-spacing: 0px;color: #ffffff\" data-font-size= 30 data-line-height= 49>\n\tDes de la Diafreo<\/h4>\n<p class=\"qodef-custom-font-holder\" style=\"font-family: Raleway;font-size: 17px;line-height: 27px;font-weight: 300;letter-spacing: 0px;color: #000000\" data-font-size= 17 data-line-height= 27>\n\tM\u00e8tode terap\u00e8utic d&#039;integraci\u00f3 que ent\u00e9n a la persona des d&#039;una perspectiva global: f\u00edsica, energ\u00e8tica i emocional.<\/p>\n<p class=\"qodef-custom-font-holder\" style=\"font-family: Raleway;font-size: 17px;line-height: 27px;font-weight: 300;letter-spacing: 0px;color: #000000\" data-font-size= 17 data-line-height= 27>\n\tAcompanyament terap\u00e8utic en un proc\u00e9s personal oferint un espai de confian\u00e7a, respecte i confidencialitat.<\/p>\n<p class=\"qodef-custom-font-holder\" style=\"font-family: Raleway;font-size: 17px;line-height: 27px;font-weight: 300;letter-spacing: 0px;color: #000000\" data-font-size= 17 data-line-height= 27>\n\tOferir m\u00e9s recursos corporals i\/o emocionals per el benestar de la persona. Acompanyar problemes de tipus muscular i articulars.<\/p>\n<p class=\"qodef-custom-font-holder\" style=\"font-family: Raleway;font-size: 17px;line-height: 27px;font-weight: 300;letter-spacing: 0px;color: #000000\" data-font-size= 17 data-line-height= 27>\n\tMillora i equilibri de la postura corporal, aconseguint una sensaci\u00f3 de benestar f\u00edsic general. Alliberar possibles bloqueigs emocionals i de car\u00e0cter psicosom\u00e0tic.<\/p>\n<p class=\"qodef-custom-font-holder\" style=\"font-family: Raleway;font-size: 17px;line-height: 27px;font-weight: 300;letter-spacing: 0px;color: #000000\" data-font-size= 17 data-line-height= 27>\n\tObtenir major consci\u00e8ncia corporal que aporta m\u00e9s coneixement de nosaltres mateixes.<\/p>[vc_empty_space height=&#8221;52px&#8221;]<a href=\"\/diafreo\" target=\"_self\"  class=\"qodef-btn qodef-btn-medium qodef-btn-default qodef-btn-icon\"  >\n        <span class=\"qodef-btn-text\">+ informaci\u00f3<\/span>\n    <span class=\"qodef-btn-text-icon\"><i class=\"qodef-icon-font-awesome fa fa-asterisk \" ><\/i><\/span>\n<\/a>[vc_empty_space]\t\t<\/div>\n\t<\/div>\n<\/div><div class=\"qodef-elements-holder-item qodef-vertical-alignment-middle qodef-horizontal-alignment-left\" style=\"background-color: #bb93e2\">\n\t<div class=\"qodef-elements-holder-item-inner\">\n\t\t<div class=\"qodef-elements-holder-item-content qodef-elements-holder-custom-127301\" >\n\t\t\t\t\t\t\n<h4 class=\"qodef-custom-font-holder\" style=\"font-family: Raleway;font-size: 30px;line-height: 49px;font-weight: 700;letter-spacing: 0px;color: #ffffff\" data-font-size= 30 data-line-height= 49>\n\tInfantil i familiar<\/h4>\n<p class=\"qodef-custom-font-holder\" style=\"font-family: Raleway;font-size: 17px;line-height: 27px;font-weight: 300;letter-spacing: 0px;color: #000000\" data-font-size= 17 data-line-height= 27>\n\tL\u2019objectiu d\u2019aquest acompanyament \u00e9s el d\u2019afavorir la maduraci\u00f3 psicol\u00f2gica, la identitat biopsicosocial i el desenvolupament global de les infants.<\/p>\n<p class=\"qodef-custom-font-holder\" style=\"font-family: Raleway;font-size: 17px;line-height: 27px;font-weight: 300;letter-spacing: 0px;color: #000000\" data-font-size= 17 data-line-height= 27>\n\tUn desenvolupament harm\u00f2nic que en les primeres edats es realitza, o s\u2019hauria d\u2019haver realitzat, a partir del moviment, del joc i de la relaci\u00f3 amb el seu entorn.<\/p>\n<p class=\"qodef-custom-font-holder\" style=\"font-family: Raleway;font-size: 17px;line-height: 27px;font-weight: 300;letter-spacing: 0px;color: #000000\" data-font-size= 17 data-line-height= 27>\n\tLa maduraci\u00f3 de l\u2019infant es produeix en un context sist\u00e8mic i aquest sistema el conformen la fam\u00edlia, l\u2019escola i els diversos agents socials amb els quals l\u2019infant es relaciona.<\/p>\n<p class=\"qodef-custom-font-holder\" style=\"font-family: Raleway;font-size: 17px;line-height: 27px;font-weight: 300;letter-spacing: 0px;color: #000000\" data-font-size= 17 data-line-height= 27>\n\tEl meu acompanyament es refereix i es proposa tamb\u00e9 a aquests agents exteriors, sobretot la fam\u00edlia i l\u2019escola.<\/p>\n<p class=\"qodef-custom-font-holder\" style=\"font-family: Raleway;font-size: 17px;line-height: 27px;font-weight: 300;letter-spacing: 0px;color: #000000\" data-font-size= 17 data-line-height= 27>\n\tEn la meva intervenci\u00f3 amb les infants, utilitzo unes eines i estrat\u00e8gies que s\u2019ajustin a les seves capacitats d\u2019elaboraci\u00f3 i al seu nivell de simbolitzaci\u00f3.<\/p>[vc_empty_space]<a href=\"\/acompanyament-infantil\/\" target=\"_self\"  class=\"qodef-btn qodef-btn-medium qodef-btn-default qodef-btn-icon\"  >\n        <span class=\"qodef-btn-text\">+ informaci\u00f3<\/span>\n    <span class=\"qodef-btn-text-icon\"><i class=\"qodef-icon-font-awesome fa fa-asterisk \" ><\/i><\/span>\n<\/a>[vc_empty_space]\t\t<\/div>\n\t<\/div>\n<\/div><\/div>[\/vc_column][vc_column][\/vc_column][\/vc_row]<\/p>\n<\/section>","protected":false},"excerpt":{"rendered":"<p>[vc_row row_type=&#8221;parallax&#8221; content_aligment=&#8221;center&#8221; full_screen_section_height=&#8221;no&#8221; parallax_background_image=&#8221;6387&#8243;][vc_column css=&#8221;.vc_custom_1622465950370{background-position: center !important;background-repeat: no-repeat !important;background-size: cover !important;}&#8221;][vc_empty_space][vc_empty_space height=&#8221;10px&#8221;][vc_empty_space height=&#8221;10px&#8221;][vc_empty_space height=&#8221;10px&#8221;][vc_empty_space][\/vc_column][\/vc_row][vc_row content_width=&#8221;grid&#8221;][vc_column width=&#8221;1\/2&#8243;][vc_empty_space][vc_single_image image=&#8221;6419&#8243; img_size=&#8221;220&#215;220&#8243; alignment=&#8221;right&#8221;][vc_empty_space][\/vc_column][vc_column width=&#8221;1\/2&#8243;][vc_empty_space][vc_column_text]&#8230;<\/p>\n","protected":false},"author":1,"featured_media":0,"parent":0,"menu_order":0,"comment_status":"closed","ping_status":"closed","template":"full-width.php","meta":{"footnotes":""},"class_list":["post-6095","page","type-page","status-publish","hentry"],"_links":{"self":[{"href":"https:\/\/laiarotafont.cat\/index.php?rest_route=\/wp\/v2\/pages\/6095"}],"collection":[{"href":"https:\/\/laiarotafont.cat\/index.php?rest_route=\/wp\/v2\/pages"}],"about":[{"href":"https:\/\/laiarotafont.cat\/index.php?rest_route=\/wp\/v2\/types\/page"}],"author":[{"embeddable":true,"href":"https:\/\/laiarotafont.cat\/index.php?rest_route=\/wp\/v2\/users\/1"}],"replies":[{"embeddable":true,"href":"https:\/\/laiarotafont.cat\/index.php?rest_route=%2Fwp%2Fv2%2Fcomments&post=6095"}],"version-history":[{"count":116,"href":"https:\/\/laiarotafont.cat\/index.php?rest_route=\/wp\/v2\/pages\/6095\/revisions"}],"predecessor-version":[{"id":6511,"href":"https:\/\/laiarotafont.cat\/index.php?rest_route=\/wp\/v2\/pages\/6095\/revisions\/6511"}],"wp:attachment":[{"href":"https:\/\/laiarotafont.cat\/index.php?rest_route=%2Fwp%2Fv2%2Fmedia&parent=6095"}],"curies":[{"name":"wp","href":"https:\/\/api.w.org\/{rel}","templated":true}]}}